{"id":899,"date":"2025-10-02T14:46:53","date_gmt":"2025-10-02T18:46:53","guid":{"rendered":"https:\/\/mevconnect.ca\/?page_id=899"},"modified":"2025-11-26T10:32:47","modified_gmt":"2025-11-26T15:32:47","slug":"abonnement","status":"publish","type":"page","link":"https:\/\/mevconnect.ca\/en\/abonnement\/","title":{"rendered":"Subscription"},"content":{"rendered":"<div class=\"wp-block-image\">\n<figure class=\"aligncenter size-full is-resized\"><img loading=\"lazy\" decoding=\"async\" width=\"1672\" height=\"548\" src=\"https:\/\/mevconnect.ca\/wp-content\/uploads\/2025\/10\/LogoMEVconnect2.png\" alt=\"\" class=\"wp-image-975\" style=\"width:660px;height:auto\" srcset=\"https:\/\/mevconnect.ca\/wp-content\/uploads\/2025\/10\/LogoMEVconnect2.png 1672w, https:\/\/mevconnect.ca\/wp-content\/uploads\/2025\/10\/LogoMEVconnect2-500x164.png 500w, https:\/\/mevconnect.ca\/wp-content\/uploads\/2025\/10\/LogoMEVconnect2-1024x336.png 1024w, https:\/\/mevconnect.ca\/wp-content\/uploads\/2025\/10\/LogoMEVconnect2-768x252.png 768w, https:\/\/mevconnect.ca\/wp-content\/uploads\/2025\/10\/LogoMEVconnect2-1536x503.png 1536w, https:\/\/mevconnect.ca\/wp-content\/uploads\/2025\/10\/LogoMEVconnect2-18x6.png 18w\" sizes=\"auto, (max-width: 1672px) 100vw, 1672px\" \/><\/figure><\/div>\n\n\n<div class=\"wp-block-group alignwide has-nv-site-bg-background-color has-background\" style=\"padding-top:var(--wp--preset--spacing--40);padding-right:var(--wp--preset--spacing--30);padding-bottom:var(--wp--preset--spacing--40);padding-left:var(--wp--preset--spacing--30)\"><div class=\"wp-block-group__inner-container is-layout-constrained wp-container-core-group-is-layout-a93d0d1d wp-block-group-is-layout-constrained\">\n<div style=\"height:25px\" aria-hidden=\"true\" class=\"wp-block-spacer\"><\/div>\n\n\n\n<div class=\"wp-block-columns is-layout-flex wp-container-core-columns-is-layout-9d6595d7 wp-block-columns-is-layout-flex\">\n<div class=\"wp-block-column is-layout-flow wp-block-column-is-layout-flow\" id=\"plan-tarifaire\">\n<hr class=\"wp-block-separator has-alpha-channel-opacity\"\/>\n\n\n\n<div style=\"height:10px\" aria-hidden=\"true\" class=\"wp-block-spacer\"><\/div>\n\n\n\n<p class=\"has-text-align-center\" style=\"font-size:25px;font-style:normal;font-weight:600\">RELIABILITY \u2013 COMPETITIVE PRICES<\/p>\n\n\n\n<hr class=\"wp-block-separator has-alpha-channel-opacity\"\/>\n<\/div>\n<\/div>\n\n\n\n<div style=\"height:25px\" aria-hidden=\"true\" class=\"wp-block-spacer\"><\/div>\n\n\n\n<div class=\"wp-block-group is-vertical is-content-justification-center is-layout-flex wp-container-core-group-is-layout-9a7cdcfd wp-block-group-is-layout-flex\"><div class=\"is-default-size wp-block-site-logo\"><img loading=\"lazy\" decoding=\"async\" width=\"512\" height=\"512\" src=\"https:\/\/mevconnect.ca\/wp-content\/uploads\/2025\/03\/cropped-Icone_App-1.png\" class=\"custom-logo\" alt=\"Clover MEV Connect\" srcset=\"https:\/\/mevconnect.ca\/wp-content\/uploads\/2025\/03\/cropped-Icone_App-1.png 512w, https:\/\/mevconnect.ca\/wp-content\/uploads\/2025\/03\/cropped-Icone_App-1-300x300.png 300w, https:\/\/mevconnect.ca\/wp-content\/uploads\/2025\/03\/cropped-Icone_App-1-150x150.png 150w, https:\/\/mevconnect.ca\/wp-content\/uploads\/2025\/03\/cropped-Icone_App-1-270x270.png 270w, https:\/\/mevconnect.ca\/wp-content\/uploads\/2025\/03\/cropped-Icone_App-1-192x192.png 192w, https:\/\/mevconnect.ca\/wp-content\/uploads\/2025\/03\/cropped-Icone_App-1-180x180.png 180w, https:\/\/mevconnect.ca\/wp-content\/uploads\/2025\/03\/cropped-Icone_App-1-32x32.png 32w\" sizes=\"auto, (max-width: 512px) 100vw, 512px\" \/><\/div><\/div>\n\n\n\n<div style=\"height:50px\" aria-hidden=\"true\" class=\"wp-block-spacer\"><\/div>\n\n\n\n<div class=\"wp-block-columns are-vertically-aligned-center is-layout-flex wp-container-core-columns-is-layout-9d6595d7 wp-block-columns-is-layout-flex\">\n<div class=\"wp-block-column is-vertically-aligned-center is-layout-grid wp-container-core-column-is-layout-ba135d90 wp-block-column-is-layout-grid\">\n<div class=\"wp-block-group wp-container-content-29987909 is-vertical is-content-justification-center is-layout-flex wp-container-core-group-is-layout-a32517af wp-block-group-is-layout-flex\" style=\"border-style:none;border-width:0px;border-radius:17px;padding-top:0;padding-right:0;padding-bottom:0;padding-left:0;font-size:40px\">\n<p class=\"has-text-align-center has-nv-dark-bg-color has-text-color has-link-color wp-elements-e2fb934ff8c2c9447b774913fe94b858\" style=\"border-radius:0px;padding-top:0;padding-bottom:0;font-size:30px;font-style:normal;font-weight:500\"><strong>MONTHLY PLAN<\/strong><\/p>\n<\/div>\n\n\n\n<div class=\"wp-block-group has-border-color has-neve-link-hover-color-border-color has-neve-link-hover-color-color has-nv-site-bg-background-color has-text-color has-background has-link-color wp-elements-bf2aa7156290ce452cc0a70480092bb5 wp-container-content-29987909 is-content-justification-center is-nowrap is-layout-flex wp-container-core-group-is-layout-36ce64e5 wp-block-group-is-layout-flex\" style=\"border-width:1px;border-radius:100px;padding-top:0;padding-right:var(--wp--preset--spacing--60);padding-bottom:0;padding-left:var(--wp--preset--spacing--60);font-size:40px\">\n<p class=\"has-text-align-center has-neve-link-hover-color-color has-text-color has-link-color wp-elements-1edcce7f30deccdd48785c23417e69d3\" style=\"padding-top:var(--wp--preset--spacing--50);padding-right:var(--wp--preset--spacing--40);padding-bottom:var(--wp--preset--spacing--50);padding-left:var(--wp--preset--spacing--40);font-size:65px;font-style:normal;font-weight:500\"><strong>29.95$<\/strong><\/p>\n<\/div>\n<\/div>\n<\/div>\n\n\n\n<div class=\"wp-block-columns are-vertically-aligned-center is-layout-flex wp-container-core-columns-is-layout-9d6595d7 wp-block-columns-is-layout-flex\">\n<div class=\"wp-block-column is-vertically-aligned-center is-layout-grid wp-container-core-column-is-layout-e8b78b74 wp-block-column-is-layout-grid\">\n<div class=\"wp-block-group wp-container-content-627de925 is-vertical is-content-justification-center is-layout-flex wp-container-core-group-is-layout-a32517af wp-block-group-is-layout-flex\" style=\"border-style:none;border-width:0px;border-radius:17px;padding-top:0;padding-right:0;padding-bottom:0;padding-left:0;font-size:40px\">\n<p class=\"has-text-align-center has-nv-dark-bg-color has-text-color has-link-color wp-elements-d2c14e5f7379b5bcbe7852dd5b165f9c\" style=\"border-radius:0px;font-size:25px;font-style:normal;font-weight:500\"><strong>Self-installation<\/strong><\/p>\n<\/div>\n\n\n\n<div class=\"wp-block-group has-border-color has-neve-link-hover-color-border-color has-neve-link-hover-color-color has-nv-site-bg-background-color has-text-color has-background has-link-color wp-elements-40512956ff76c69da8ec3d9f0b757645 wp-container-content-627de925 is-content-justification-center is-nowrap is-layout-flex wp-container-core-group-is-layout-b0239564 wp-block-group-is-layout-flex\" style=\"border-width:1px;border-radius:100px;padding-top:var(--wp--preset--spacing--30);padding-right:var(--wp--preset--spacing--60);padding-bottom:var(--wp--preset--spacing--30);padding-left:var(--wp--preset--spacing--60);font-size:40px\">\n<p class=\"has-text-align-center has-neve-link-hover-color-color has-text-color has-link-color wp-elements-4cada021da9722382a4e1ef17e9e91eb\" style=\"padding-right:0;padding-left:0;font-size:35px;font-style:normal;font-weight:500\"><strong>FREE<\/strong><\/p>\n<\/div>\n<\/div>\n\n\n\n<div class=\"wp-block-column is-vertically-aligned-center is-layout-grid wp-container-core-column-is-layout-e8b78b74 wp-block-column-is-layout-grid\">\n<div class=\"wp-block-group wp-container-content-627de925 is-vertical is-content-justification-center is-layout-flex wp-container-core-group-is-layout-a32517af wp-block-group-is-layout-flex\" style=\"border-style:none;border-width:0px;border-radius:17px;padding-top:0;padding-right:0;padding-bottom:0;padding-left:0;font-size:40px\">\n<p class=\"has-text-align-center has-nv-dark-bg-color has-text-color has-link-color wp-elements-c9a42570909e4e88b51fd6b97e5fadb5\" style=\"border-radius:0px;font-size:25px;font-style:normal;font-weight:500\"><strong>Assisted installation<\/strong><\/p>\n<\/div>\n\n\n\n<div class=\"wp-block-group has-border-color has-neve-link-hover-color-border-color has-neve-link-hover-color-color has-nv-site-bg-background-color has-text-color has-background has-link-color wp-elements-fcbe7ad4db08b560a4240dcc824585df wp-container-content-627de925 is-content-justification-center is-nowrap is-layout-flex wp-container-core-group-is-layout-8bc67afd wp-block-group-is-layout-flex\" style=\"border-width:1px;border-radius:62px;padding-top:var(--wp--preset--spacing--30);padding-right:var(--wp--preset--spacing--70);padding-bottom:var(--wp--preset--spacing--30);padding-left:var(--wp--preset--spacing--70);font-size:40px\">\n<p class=\"has-text-align-center has-neve-link-hover-color-color has-text-color has-link-color wp-elements-e7d0920296973cc80fd6847e0aa6651e\" style=\"padding-right:0;padding-left:0;font-size:35px;font-style:normal;font-weight:500\"><strong>149.95$<\/strong><\/p>\n<\/div>\n<\/div>\n<\/div>\n\n\n\n<p class=\"has-text-align-center\" style=\"font-size:18px\">Canadian pricing. Taxes applicable.<\/p>\n\n\n\n<div style=\"height:30px\" aria-hidden=\"true\" class=\"wp-block-spacer\"><\/div>\n\n\n\n<div class=\"wp-block-buttons is-content-justification-center is-layout-flex wp-container-core-buttons-is-layout-16018d1d wp-block-buttons-is-layout-flex\">\n<div class=\"wp-block-button has-custom-width wp-block-button__width-75 is-style-secondary\"><a class=\"wp-block-button__link has-nv-site-bg-color has-neve-link-color-background-color has-text-color has-background has-link-color has-medium-font-size has-custom-font-size wp-element-button\" href=\"https:\/\/mevconnect.ca\/en\/procedure\/\" style=\"padding-top:var(--wp--preset--spacing--60);padding-bottom:var(--wp--preset--spacing--60)\">LET'S GET STARTED!<\/a><\/div>\n<\/div>\n\n\n\n<div style=\"height:50px\" aria-hidden=\"true\" class=\"wp-block-spacer\"><\/div>\n\n\n\n<hr class=\"wp-block-separator has-alpha-channel-opacity\"\/>\n\n\n\n<div style=\"height:30px\" aria-hidden=\"true\" class=\"wp-block-spacer\"><\/div>\n\n\n\n<div class=\"wp-block-columns is-layout-flex wp-container-core-columns-is-layout-9d6595d7 wp-block-columns-is-layout-flex\">\n<div class=\"wp-block-column is-vertically-aligned-center is-layout-flow wp-block-column-is-layout-flow\">\n<div class=\"wp-block-columns alignwide are-vertically-aligned-center is-not-stacked-on-mobile is-layout-flex wp-container-core-columns-is-layout-9d6595d7 wp-block-columns-is-layout-flex\">\n<div class=\"wp-block-column is-vertically-aligned-center is-layout-flow wp-block-column-is-layout-flow\"><div class=\"wp-block-image\">\n<figure class=\"aligncenter size-large\"><img loading=\"lazy\" decoding=\"async\" width=\"1024\" height=\"280\" src=\"https:\/\/mevconnect.ca\/wp-content\/uploads\/2025\/03\/clover_logo-1024x280.png\" alt=\"\" class=\"wp-image-142\" srcset=\"https:\/\/mevconnect.ca\/wp-content\/uploads\/2025\/03\/clover_logo-1024x280.png 1024w, https:\/\/mevconnect.ca\/wp-content\/uploads\/2025\/03\/clover_logo-500x137.png 500w, https:\/\/mevconnect.ca\/wp-content\/uploads\/2025\/03\/clover_logo-768x210.png 768w, https:\/\/mevconnect.ca\/wp-content\/uploads\/2025\/03\/clover_logo.png 1032w\" sizes=\"auto, (max-width: 1024px) 100vw, 1024px\" \/><\/figure><\/div><\/div>\n\n\n\n<div class=\"wp-block-column is-vertically-aligned-center is-layout-flow wp-block-column-is-layout-flow\"><div class=\"wp-block-image\">\n<figure class=\"aligncenter size-large is-resized\"><img loading=\"lazy\" decoding=\"async\" width=\"1024\" height=\"854\" src=\"https:\/\/mevconnect.ca\/wp-content\/uploads\/2025\/11\/RevenuQuebec.svg_-1024x854.png\" alt=\"\" class=\"wp-image-1097\" style=\"width:201px;height:auto\" srcset=\"https:\/\/mevconnect.ca\/wp-content\/uploads\/2025\/11\/RevenuQuebec.svg_-1024x854.png 1024w, https:\/\/mevconnect.ca\/wp-content\/uploads\/2025\/11\/RevenuQuebec.svg_-500x417.png 500w, https:\/\/mevconnect.ca\/wp-content\/uploads\/2025\/11\/RevenuQuebec.svg_-768x641.png 768w, https:\/\/mevconnect.ca\/wp-content\/uploads\/2025\/11\/RevenuQuebec.svg_-14x12.png 14w, https:\/\/mevconnect.ca\/wp-content\/uploads\/2025\/11\/RevenuQuebec.svg_.png 1200w\" sizes=\"auto, (max-width: 1024px) 100vw, 1024px\" \/><\/figure><\/div><\/div>\n<\/div>\n<\/div>\n<\/div>\n\n\n\n<div class=\"wp-block-columns is-layout-flex wp-container-core-columns-is-layout-9d6595d7 wp-block-columns-is-layout-flex\">\n<div class=\"wp-block-column is-layout-flow wp-block-column-is-layout-flow\" style=\"flex-basis:5%\"><\/div>\n\n\n\n<div class=\"wp-block-column is-layout-flow wp-block-column-is-layout-flow\" style=\"flex-basis:90%\">\n<h2 class=\"wp-block-heading has-text-align-center\">The best Clover app to connect your system to Revenu Qu\u00e9bec\u2019s MEV-WEB<\/h2>\n\n\n\n<p class=\"has-text-align-center has-medium-font-size translation-block\">MEV Connect is recognized by restaurateurs as the <strong>most reliable and cost-effective<\/strong> application for your compliance.<\/p>\n\n\n\n<p class=\"has-text-align-center has-medium-font-size\">Certified by Revenu Qu\u00e9bec and Clover, it meets all compliance requirements for your operations.<\/p>\n<\/div>\n\n\n\n<div class=\"wp-block-column is-layout-flow wp-block-column-is-layout-flow\" style=\"flex-basis:5%\"><\/div>\n<\/div>\n<\/div><\/div>\n\n\n\n<div class=\"wp-block-columns alignfull are-vertically-aligned-top has-nv-site-bg-background-color has-background is-layout-flex wp-container-core-columns-is-layout-9d6595d7 wp-block-columns-is-layout-flex\">\n<div class=\"wp-block-column is-vertically-aligned-top is-layout-flow wp-block-column-is-layout-flow\">\n<div class=\"wp-block-media-text alignwide is-stacked-on-mobile is-vertically-aligned-center\" style=\"grid-template-columns:36% auto\"><figure class=\"wp-block-media-text__media\"><img loading=\"lazy\" decoding=\"async\" width=\"500\" height=\"324\" src=\"https:\/\/mevconnect.ca\/wp-content\/uploads\/2025\/10\/prix.jpg\" alt=\"\" class=\"wp-image-906 size-full\" srcset=\"https:\/\/mevconnect.ca\/wp-content\/uploads\/2025\/10\/prix.jpg 500w, https:\/\/mevconnect.ca\/wp-content\/uploads\/2025\/10\/prix-18x12.jpg 18w\" sizes=\"auto, (max-width: 500px) 100vw, 500px\" \/><\/figure><div class=\"wp-block-media-text__content\">\n<h3 class=\"wp-block-heading\" style=\"padding-top:var(--wp--preset--spacing--60);padding-bottom:0;font-size:22px;font-style:normal;font-weight:700\">THE BEST PRICE!<\/h3>\n\n\n\n<p style=\"border-radius:0px;padding-top:0;padding-bottom:0;font-size:18px\">The most reliable and cost-effective Clover MEV compliance app on the market. <strong>Only $29.95\/month.<\/strong><\/p>\n<\/div><\/div>\n\n\n\n<div style=\"height:30px\" aria-hidden=\"true\" class=\"wp-block-spacer\"><\/div>\n\n\n\n<div class=\"wp-block-media-text is-stacked-on-mobile is-vertically-aligned-center\" style=\"grid-template-columns:36% auto\"><figure class=\"wp-block-media-text__media\"><img loading=\"lazy\" decoding=\"async\" width=\"500\" height=\"324\" src=\"https:\/\/mevconnect.ca\/wp-content\/uploads\/2025\/10\/Saison-1.jpg\" alt=\"\" class=\"wp-image-903 size-full\" srcset=\"https:\/\/mevconnect.ca\/wp-content\/uploads\/2025\/10\/Saison-1.jpg 500w, https:\/\/mevconnect.ca\/wp-content\/uploads\/2025\/10\/Saison-1-18x12.jpg 18w\" sizes=\"auto, (max-width: 500px) 100vw, 500px\" \/><\/figure><div class=\"wp-block-media-text__content\">\n<h3 class=\"wp-block-heading\" style=\"padding-top:var(--wp--preset--spacing--60);font-size:22px;font-style:normal;font-weight:700\">SEASONAL RESTAURANT?<\/h3>\n\n\n\n<p style=\"font-size:18px\">Pay only when you're open. MEV Connect offers seasonal MEV shutdown <strong>without fees<\/strong>.<\/p>\n<\/div><\/div>\n\n\n\n<div style=\"height:30px\" aria-hidden=\"true\" class=\"wp-block-spacer\"><\/div>\n\n\n\n<div class=\"wp-block-media-text is-stacked-on-mobile is-vertically-aligned-center\" style=\"grid-template-columns:36% auto\"><figure class=\"wp-block-media-text__media\"><img loading=\"lazy\" decoding=\"async\" width=\"500\" height=\"324\" src=\"https:\/\/mevconnect.ca\/wp-content\/uploads\/2025\/10\/Quebec.jpg\" alt=\"\" class=\"wp-image-905 size-full\" srcset=\"https:\/\/mevconnect.ca\/wp-content\/uploads\/2025\/10\/Quebec.jpg 500w, https:\/\/mevconnect.ca\/wp-content\/uploads\/2025\/10\/Quebec-18x12.jpg 18w\" sizes=\"auto, (max-width: 500px) 100vw, 500px\" \/><\/figure><div class=\"wp-block-media-text__content\">\n<h3 class=\"wp-block-heading\" style=\"padding-top:var(--wp--preset--spacing--60);font-size:22px;font-style:normal;font-weight:700\">100% QUEBEC SUPPORT<\/h3>\n\n\n\n<p style=\"font-size:18px\"><strong>Local and fast service<\/strong> centralized in Saguenay. Our team of experts will take care of you!<\/p>\n<\/div><\/div>\n\n\n\n<div style=\"height:30px\" aria-hidden=\"true\" class=\"wp-block-spacer\"><\/div>\n\n\n\n<div class=\"wp-block-media-text is-stacked-on-mobile is-vertically-aligned-center\" style=\"grid-template-columns:36% auto\"><figure class=\"wp-block-media-text__media\"><img loading=\"lazy\" decoding=\"async\" width=\"500\" height=\"324\" src=\"https:\/\/mevconnect.ca\/wp-content\/uploads\/2025\/10\/Install.jpg\" alt=\"\" class=\"wp-image-904 size-full\" srcset=\"https:\/\/mevconnect.ca\/wp-content\/uploads\/2025\/10\/Install.jpg 500w, https:\/\/mevconnect.ca\/wp-content\/uploads\/2025\/10\/Install-18x12.jpg 18w\" sizes=\"auto, (max-width: 500px) 100vw, 500px\" \/><\/figure><div class=\"wp-block-media-text__content\">\n<h3 class=\"wp-block-heading\" style=\"padding-top:var(--wp--preset--spacing--60);font-size:22px;font-style:normal;font-weight:700\">FREE ACTIVATION!<\/h3>\n\n\n\n<p style=\"font-size:18px\">Free assisted provider switching and free self-installation for new customers.<\/p>\n<\/div><\/div>\n\n\n\n<div style=\"height:50px\" aria-hidden=\"true\" class=\"wp-block-spacer\"><\/div>\n\n\n\n<div class=\"wp-block-columns alignfull are-vertically-aligned-center has-background is-layout-flex wp-container-core-columns-is-layout-9d6595d7 wp-block-columns-is-layout-flex\" style=\"background-color:#f6f5f700\">\n<div class=\"wp-block-column is-vertically-aligned-center is-layout-flow wp-block-column-is-layout-flow\" style=\"flex-basis:100%\">\n<div class=\"wp-block-group alignfull\" style=\"border-radius:100px\"><div class=\"wp-block-group__inner-container is-layout-constrained wp-block-group-is-layout-constrained\">\n<p class=\"has-text-align-center\" style=\"font-size:25px;font-style:normal;font-weight:700\"><mark style=\"background-color:rgba(0, 0, 0, 0)\" class=\"has-inline-color has-neve-link-color-color\">See the FAQ for details.<\/mark><\/p>\n\n\n\n<div class=\"wp-block-buttons is-content-justification-center is-layout-flex wp-container-core-buttons-is-layout-16018d1d wp-block-buttons-is-layout-flex\">\n<div class=\"wp-block-button has-custom-width wp-block-button__width-75 is-style-secondary\"><a class=\"wp-block-button__link wp-element-button\" href=\"https:\/\/mevconnect.ca\/en\/#faq\">FREQUENTLY ASKED QUESTIONS<\/a><\/div>\n\n\n\n<div class=\"wp-block-button has-custom-width wp-block-button__width-75 is-style-secondary\"><a class=\"wp-block-button__link wp-element-button\" href=\"https:\/\/mevconnect.ca\/en\/procedure\/\">INSTALL MEV CONNECT<\/a><\/div>\n\n\n\n<div class=\"wp-block-button has-custom-width wp-block-button__width-75 is-style-secondary\"><a class=\"wp-block-button__link wp-element-button\" href=\"https:\/\/mevconnect.ca\/en\/\">HOME<\/a><\/div>\n<\/div>\n<\/div><\/div>\n<\/div>\n<\/div>\n<\/div>\n<\/div>\n\n\n\n<p><\/p>","protected":false},"excerpt":{"rendered":"<p>FIABILIT\u00c9 &#8211; PRIX COMP\u00c9TITIFS PLAN MENSUEL 29.95$ Auto-Installation GRATUITE Installation assist\u00e9e 149.95$ Prix en dollars ($) canadiens. Taxes en sus. La meilleure application Clover pour vous relier au MEV-WEB de Revenu Qu\u00e9bec MEV Connect est reconnue par les restaurateurs comme \u00e9tant l&rsquo;application la plus fiable et \u00e9conomique pour votre conformit\u00e9. Certifi\u00e9e par Revenu Qu\u00e9bec et&hellip;&nbsp;<a href=\"https:\/\/mevconnect.ca\/en\/abonnement\/\" rel=\"bookmark\">Read More &raquo;<span class=\"screen-reader-text\">Subscription<\/span><\/a><\/p>","protected":false},"author":2,"featured_media":982,"parent":0,"menu_order":0,"comment_status":"closed","ping_status":"closed","template":"","meta":{"neve_meta_sidebar":"default","neve_meta_container":"default","neve_meta_enable_content_width":"off","neve_meta_content_width":70,"neve_meta_title_alignment":"center","neve_meta_author_avatar":"","neve_post_elements_order":"","neve_meta_disable_header":"on","neve_meta_disable_footer":"","neve_meta_disable_title":"","footnotes":""},"class_list":["post-899","page","type-page","status-publish","has-post-thumbnail","hentry"],"_links":{"self":[{"href":"https:\/\/mevconnect.ca\/en\/wp-json\/wp\/v2\/pages\/899","targetHints":{"allow":["GET"]}}],"collection":[{"href":"https:\/\/mevconnect.ca\/en\/wp-json\/wp\/v2\/pages"}],"about":[{"href":"https:\/\/mevconnect.ca\/en\/wp-json\/wp\/v2\/types\/page"}],"author":[{"embeddable":true,"href":"https:\/\/mevconnect.ca\/en\/wp-json\/wp\/v2\/users\/2"}],"replies":[{"embeddable":true,"href":"https:\/\/mevconnect.ca\/en\/wp-json\/wp\/v2\/comments?post=899"}],"version-history":[{"count":154,"href":"https:\/\/mevconnect.ca\/en\/wp-json\/wp\/v2\/pages\/899\/revisions"}],"predecessor-version":[{"id":1543,"href":"https:\/\/mevconnect.ca\/en\/wp-json\/wp\/v2\/pages\/899\/revisions\/1543"}],"wp:featuredmedia":[{"embeddable":true,"href":"https:\/\/mevconnect.ca\/en\/wp-json\/wp\/v2\/media\/982"}],"wp:attachment":[{"href":"https:\/\/mevconnect.ca\/en\/wp-json\/wp\/v2\/media?parent=899"}],"curies":[{"name":"wp","href":"https:\/\/api.w.org\/{rel}","templated":true}]}}