{"id":1605,"date":"2025-11-26T13:52:15","date_gmt":"2025-11-26T18:52:15","guid":{"rendered":"https:\/\/mevconnect.ca\/?page_id=1605"},"modified":"2025-11-26T13:52:15","modified_gmt":"2025-11-26T18:52:15","slug":"plan-tarifaire","status":"publish","type":"page","link":"https:\/\/mevconnect.ca\/en\/plan-tarifaire\/","title":{"rendered":"Pricing"},"content":{"rendered":"<div class=\"wp-block-group alignwide has-nv-site-bg-background-color has-background\" style=\"padding-top:var(--wp--preset--spacing--40);padding-right:var(--wp--preset--spacing--30);padding-bottom:var(--wp--preset--spacing--40);padding-left:var(--wp--preset--spacing--30)\"><div class=\"wp-block-group__inner-container is-layout-constrained wp-container-core-group-is-layout-a93d0d1d wp-block-group-is-layout-constrained\">\n<div class=\"wp-block-columns is-layout-flex wp-container-core-columns-is-layout-9d6595d7 wp-block-columns-is-layout-flex\">\n<div class=\"wp-block-column is-layout-flow wp-block-column-is-layout-flow\" id=\"plan-tarifaire\">\n<hr class=\"wp-block-separator has-alpha-channel-opacity\"\/>\n\n\n\n<div style=\"height:10px\" aria-hidden=\"true\" class=\"wp-block-spacer\"><\/div>\n\n\n\n<p class=\"has-text-align-center\" style=\"font-size:25px;font-style:normal;font-weight:600\">RELIABILITY \u2013 COMPETITIVE PRICES<\/p>\n\n\n\n<hr class=\"wp-block-separator has-alpha-channel-opacity\"\/>\n<\/div>\n<\/div>\n\n\n\n<div style=\"height:25px\" aria-hidden=\"true\" class=\"wp-block-spacer\"><\/div>\n\n\n\n<div class=\"wp-block-group is-vertical is-content-justification-center is-layout-flex wp-container-core-group-is-layout-9a7cdcfd wp-block-group-is-layout-flex\"><div class=\"is-default-size wp-block-site-logo\"><img loading=\"lazy\" decoding=\"async\" width=\"512\" height=\"512\" src=\"https:\/\/mevconnect.ca\/wp-content\/uploads\/2025\/03\/cropped-Icone_App-1.png\" class=\"custom-logo\" alt=\"Clover MEV Connect\" srcset=\"https:\/\/mevconnect.ca\/wp-content\/uploads\/2025\/03\/cropped-Icone_App-1.png 512w, https:\/\/mevconnect.ca\/wp-content\/uploads\/2025\/03\/cropped-Icone_App-1-300x300.png 300w, https:\/\/mevconnect.ca\/wp-content\/uploads\/2025\/03\/cropped-Icone_App-1-150x150.png 150w, https:\/\/mevconnect.ca\/wp-content\/uploads\/2025\/03\/cropped-Icone_App-1-270x270.png 270w, https:\/\/mevconnect.ca\/wp-content\/uploads\/2025\/03\/cropped-Icone_App-1-192x192.png 192w, https:\/\/mevconnect.ca\/wp-content\/uploads\/2025\/03\/cropped-Icone_App-1-180x180.png 180w, https:\/\/mevconnect.ca\/wp-content\/uploads\/2025\/03\/cropped-Icone_App-1-32x32.png 32w\" sizes=\"auto, (max-width: 512px) 100vw, 512px\" \/><\/div><\/div>\n\n\n\n<div style=\"height:50px\" aria-hidden=\"true\" class=\"wp-block-spacer\"><\/div>\n\n\n\n<div class=\"wp-block-columns are-vertically-aligned-center is-layout-flex wp-container-core-columns-is-layout-9d6595d7 wp-block-columns-is-layout-flex\">\n<div class=\"wp-block-column is-vertically-aligned-center is-layout-grid wp-container-core-column-is-layout-ba135d90 wp-block-column-is-layout-grid\">\n<div class=\"wp-block-group wp-container-content-29987909 is-vertical is-content-justification-center is-layout-flex wp-container-core-group-is-layout-a32517af wp-block-group-is-layout-flex\" style=\"border-style:none;border-width:0px;border-radius:17px;padding-top:0;padding-right:0;padding-bottom:0;padding-left:0;font-size:40px\">\n<p class=\"has-text-align-center has-nv-dark-bg-color has-text-color has-link-color wp-elements-e2fb934ff8c2c9447b774913fe94b858\" style=\"border-radius:0px;padding-top:0;padding-bottom:0;font-size:30px;font-style:normal;font-weight:500\"><strong>MONTHLY PLAN<\/strong><\/p>\n<\/div>\n\n\n\n<div class=\"wp-block-group has-border-color has-neve-link-hover-color-border-color has-neve-link-hover-color-color has-nv-site-bg-background-color has-text-color has-background has-link-color wp-elements-bf2aa7156290ce452cc0a70480092bb5 wp-container-content-29987909 is-content-justification-center is-nowrap is-layout-flex wp-container-core-group-is-layout-36ce64e5 wp-block-group-is-layout-flex\" style=\"border-width:1px;border-radius:100px;padding-top:0;padding-right:var(--wp--preset--spacing--60);padding-bottom:0;padding-left:var(--wp--preset--spacing--60);font-size:40px\">\n<p class=\"has-text-align-center has-neve-link-hover-color-color has-text-color has-link-color wp-elements-1edcce7f30deccdd48785c23417e69d3\" style=\"padding-top:var(--wp--preset--spacing--50);padding-right:var(--wp--preset--spacing--40);padding-bottom:var(--wp--preset--spacing--50);padding-left:var(--wp--preset--spacing--40);font-size:65px;font-style:normal;font-weight:500\"><strong>29.95$<\/strong><\/p>\n<\/div>\n<\/div>\n<\/div>\n\n\n\n<div class=\"wp-block-columns are-vertically-aligned-center is-layout-flex wp-container-core-columns-is-layout-9d6595d7 wp-block-columns-is-layout-flex\">\n<div class=\"wp-block-column is-vertically-aligned-center is-layout-grid wp-container-core-column-is-layout-e8b78b74 wp-block-column-is-layout-grid\">\n<div class=\"wp-block-group wp-container-content-627de925 is-vertical is-content-justification-center is-layout-flex wp-container-core-group-is-layout-a32517af wp-block-group-is-layout-flex\" style=\"border-style:none;border-width:0px;border-radius:17px;padding-top:0;padding-right:0;padding-bottom:0;padding-left:0;font-size:40px\">\n<p class=\"has-text-align-center has-nv-dark-bg-color has-text-color has-link-color wp-elements-d2c14e5f7379b5bcbe7852dd5b165f9c\" style=\"border-radius:0px;font-size:25px;font-style:normal;font-weight:500\"><strong>Self-installation<\/strong><\/p>\n<\/div>\n\n\n\n<div class=\"wp-block-group has-border-color has-neve-link-hover-color-border-color has-neve-link-hover-color-color has-nv-site-bg-background-color has-text-color has-background has-link-color wp-elements-40512956ff76c69da8ec3d9f0b757645 wp-container-content-627de925 is-content-justification-center is-nowrap is-layout-flex wp-container-core-group-is-layout-b0239564 wp-block-group-is-layout-flex\" style=\"border-width:1px;border-radius:100px;padding-top:var(--wp--preset--spacing--30);padding-right:var(--wp--preset--spacing--60);padding-bottom:var(--wp--preset--spacing--30);padding-left:var(--wp--preset--spacing--60);font-size:40px\">\n<p class=\"has-text-align-center has-neve-link-hover-color-color has-text-color has-link-color wp-elements-4cada021da9722382a4e1ef17e9e91eb\" style=\"padding-right:0;padding-left:0;font-size:35px;font-style:normal;font-weight:500\"><strong>FREE<\/strong><\/p>\n<\/div>\n<\/div>\n\n\n\n<div class=\"wp-block-column is-vertically-aligned-center is-layout-grid wp-container-core-column-is-layout-e8b78b74 wp-block-column-is-layout-grid\">\n<div class=\"wp-block-group wp-container-content-627de925 is-vertical is-content-justification-center is-layout-flex wp-container-core-group-is-layout-a32517af wp-block-group-is-layout-flex\" style=\"border-style:none;border-width:0px;border-radius:17px;padding-top:0;padding-right:0;padding-bottom:0;padding-left:0;font-size:40px\">\n<p class=\"has-text-align-center has-nv-dark-bg-color has-text-color has-link-color wp-elements-c9a42570909e4e88b51fd6b97e5fadb5\" style=\"border-radius:0px;font-size:25px;font-style:normal;font-weight:500\"><strong>Assisted installation<\/strong><\/p>\n<\/div>\n\n\n\n<div class=\"wp-block-group has-border-color has-neve-link-hover-color-border-color has-neve-link-hover-color-color has-nv-site-bg-background-color has-text-color has-background has-link-color wp-elements-fcbe7ad4db08b560a4240dcc824585df wp-container-content-627de925 is-content-justification-center is-nowrap is-layout-flex wp-container-core-group-is-layout-8bc67afd wp-block-group-is-layout-flex\" style=\"border-width:1px;border-radius:62px;padding-top:var(--wp--preset--spacing--30);padding-right:var(--wp--preset--spacing--70);padding-bottom:var(--wp--preset--spacing--30);padding-left:var(--wp--preset--spacing--70);font-size:40px\">\n<p class=\"has-text-align-center has-neve-link-hover-color-color has-text-color has-link-color wp-elements-e7d0920296973cc80fd6847e0aa6651e\" style=\"padding-right:0;padding-left:0;font-size:35px;font-style:normal;font-weight:500\"><strong>149.95$<\/strong><\/p>\n<\/div>\n<\/div>\n<\/div>\n\n\n\n<p class=\"has-text-align-center\" style=\"font-size:18px\">Canadian pricing. Taxes applicable.<\/p>\n\n\n\n<div style=\"height:30px\" aria-hidden=\"true\" class=\"wp-block-spacer\"><\/div>\n\n\n\n<div class=\"wp-block-buttons is-content-justification-center is-layout-flex wp-container-core-buttons-is-layout-16018d1d wp-block-buttons-is-layout-flex\">\n<div class=\"wp-block-button has-custom-width wp-block-button__width-75 is-style-secondary\"><a class=\"wp-block-button__link has-nv-site-bg-color has-neve-link-color-background-color has-text-color has-background has-link-color has-medium-font-size has-custom-font-size wp-element-button\" href=\"https:\/\/mevconnect.ca\/en\/procedure\/\" style=\"padding-top:var(--wp--preset--spacing--60);padding-bottom:var(--wp--preset--spacing--60)\">LET'S GET STARTED!<\/a><\/div>\n<\/div>\n\n\n\n<div style=\"height:50px\" aria-hidden=\"true\" class=\"wp-block-spacer\"><\/div>\n\n\n\n<hr class=\"wp-block-separator has-alpha-channel-opacity\"\/>\n<\/div><\/div>\n\n\n\n<div class=\"wp-block-columns alignwide is-layout-flex wp-container-core-columns-is-layout-9d6595d7 wp-block-columns-is-layout-flex\">\n<div class=\"wp-block-column is-layout-flow wp-block-column-is-layout-flow\" style=\"flex-basis:66.66%\">\n<figure class=\"wp-block-image size-full\"><img loading=\"lazy\" decoding=\"async\" width=\"800\" height=\"671\" src=\"https:\/\/mevconnect.ca\/wp-content\/uploads\/2025\/11\/MevConnect_Quebecois_en.png\" alt=\"\" class=\"wp-image-1611\" srcset=\"https:\/\/mevconnect.ca\/wp-content\/uploads\/2025\/11\/MevConnect_Quebecois_en.png 800w, https:\/\/mevconnect.ca\/wp-content\/uploads\/2025\/11\/MevConnect_Quebecois_en-500x419.png 500w, https:\/\/mevconnect.ca\/wp-content\/uploads\/2025\/11\/MevConnect_Quebecois_en-768x644.png 768w, https:\/\/mevconnect.ca\/wp-content\/uploads\/2025\/11\/MevConnect_Quebecois_en-14x12.png 14w\" sizes=\"auto, (max-width: 800px) 100vw, 800px\" \/><\/figure>\n<\/div>\n\n\n\n<div class=\"wp-block-column is-layout-flow wp-block-column-is-layout-flow\" style=\"flex-basis:33.33%\">\n<figure class=\"wp-block-image size-full is-resized\"><img loading=\"lazy\" decoding=\"async\" width=\"500\" height=\"419\" src=\"https:\/\/mevconnect.ca\/wp-content\/uploads\/2025\/11\/MevConnect_upgrade_en.png\" alt=\"\" class=\"wp-image-1609\" style=\"width:340px;height:auto\" srcset=\"https:\/\/mevconnect.ca\/wp-content\/uploads\/2025\/11\/MevConnect_upgrade_en.png 500w, https:\/\/mevconnect.ca\/wp-content\/uploads\/2025\/11\/MevConnect_upgrade_en-14x12.png 14w\" sizes=\"auto, (max-width: 500px) 100vw, 500px\" \/><\/figure>\n\n\n\n<figure class=\"wp-block-image size-full is-resized\"><img loading=\"lazy\" decoding=\"async\" width=\"500\" height=\"419\" src=\"https:\/\/mevconnect.ca\/wp-content\/uploads\/2025\/11\/MevConnect_bestValue_en.png\" alt=\"\" class=\"wp-image-1607\" style=\"width:340px\" srcset=\"https:\/\/mevconnect.ca\/wp-content\/uploads\/2025\/11\/MevConnect_bestValue_en.png 500w, https:\/\/mevconnect.ca\/wp-content\/uploads\/2025\/11\/MevConnect_bestValue_en-14x12.png 14w\" sizes=\"auto, (max-width: 500px) 100vw, 500px\" \/><\/figure>\n<\/div>\n<\/div>","protected":false},"excerpt":{"rendered":"<p>FIABILIT\u00c9 &#8211; PRIX COMP\u00c9TITIFS PLAN MENSUEL 29.95$ Auto-Installation GRATUITE Installation assist\u00e9e 149.95$ Prix en dollars ($) canadiens. Taxes en sus.<\/p>","protected":false},"author":2,"featured_media":982,"parent":0,"menu_order":0,"comment_status":"closed","ping_status":"closed","template":"","meta":{"neve_meta_sidebar":"","neve_meta_container":"","neve_meta_enable_content_width":"","neve_meta_content_width":0,"neve_meta_title_alignment":"","neve_meta_author_avatar":"","neve_post_elements_order":"","neve_meta_disable_header":"","neve_meta_disable_footer":"","neve_meta_disable_title":"","footnotes":""},"class_list":["post-1605","page","type-page","status-publish","has-post-thumbnail","hentry"],"_links":{"self":[{"href":"https:\/\/mevconnect.ca\/en\/wp-json\/wp\/v2\/pages\/1605","targetHints":{"allow":["GET"]}}],"collection":[{"href":"https:\/\/mevconnect.ca\/en\/wp-json\/wp\/v2\/pages"}],"about":[{"href":"https:\/\/mevconnect.ca\/en\/wp-json\/wp\/v2\/types\/page"}],"author":[{"embeddable":true,"href":"https:\/\/mevconnect.ca\/en\/wp-json\/wp\/v2\/users\/2"}],"replies":[{"embeddable":true,"href":"https:\/\/mevconnect.ca\/en\/wp-json\/wp\/v2\/comments?post=1605"}],"version-history":[{"count":4,"href":"https:\/\/mevconnect.ca\/en\/wp-json\/wp\/v2\/pages\/1605\/revisions"}],"predecessor-version":[{"id":1613,"href":"https:\/\/mevconnect.ca\/en\/wp-json\/wp\/v2\/pages\/1605\/revisions\/1613"}],"wp:featuredmedia":[{"embeddable":true,"href":"https:\/\/mevconnect.ca\/en\/wp-json\/wp\/v2\/media\/982"}],"wp:attachment":[{"href":"https:\/\/mevconnect.ca\/en\/wp-json\/wp\/v2\/media?parent=1605"}],"curies":[{"name":"wp","href":"https:\/\/api.w.org\/{rel}","templated":true}]}}