{"id":13,"date":"2025-03-11T08:07:59","date_gmt":"2025-03-11T12:07:59","guid":{"rendered":"https:\/\/mevconnect.ca\/?page_id=13"},"modified":"2025-11-19T11:30:57","modified_gmt":"2025-11-19T16:30:57","slug":"support-clover-mev-connect","status":"publish","type":"page","link":"https:\/\/mevconnect.ca\/en\/support-clover-mev-connect\/","title":{"rendered":"SUPPORT"},"content":{"rendered":"<div class=\"wp-block-cover alignfull\" style=\"padding-top:var(--wp--preset--spacing--50);min-height:250px;aspect-ratio:unset;\"><span aria-hidden=\"true\" class=\"wp-block-cover__background has-nv-dark-bg-background-color has-background-dim\"><\/span><img loading=\"lazy\" decoding=\"async\" width=\"2000\" height=\"712\" src=\"https:\/\/mevconnect.ca\/wp-content\/uploads\/2025\/10\/PubBG-02.jpg\" class=\"wp-block-cover__image-background wp-post-image\" alt=\"\" data-object-fit=\"cover\" srcset=\"https:\/\/mevconnect.ca\/wp-content\/uploads\/2025\/10\/PubBG-02.jpg 2000w, https:\/\/mevconnect.ca\/wp-content\/uploads\/2025\/10\/PubBG-02-500x178.jpg 500w, https:\/\/mevconnect.ca\/wp-content\/uploads\/2025\/10\/PubBG-02-1024x365.jpg 1024w, https:\/\/mevconnect.ca\/wp-content\/uploads\/2025\/10\/PubBG-02-768x273.jpg 768w, https:\/\/mevconnect.ca\/wp-content\/uploads\/2025\/10\/PubBG-02-1536x547.jpg 1536w, https:\/\/mevconnect.ca\/wp-content\/uploads\/2025\/10\/PubBG-02-18x6.jpg 18w\" sizes=\"auto, (max-width: 2000px) 100vw, 2000px\" \/><div class=\"wp-block-cover__inner-container is-layout-constrained wp-block-cover-is-layout-constrained\">\n<p class=\"has-text-align-center has-nv-site-bg-color has-text-color has-link-color wp-elements-ed800aff07473b3c198611ed1c667b6e\" style=\"font-size:60px;font-style:normal;font-weight:700\">SUPPORT<\/p>\n<\/div><\/div>\n\n\n\n<div class=\"wp-block-group alignfull has-nv-light-bg-background-color has-background\"><div class=\"wp-block-group__inner-container is-layout-constrained wp-block-group-is-layout-constrained\">\n<div style=\"height:30px\" aria-hidden=\"true\" class=\"wp-block-spacer\"><\/div>\n<\/div><\/div>\n\n\n\n<div class=\"wp-block-group alignfull has-background\" style=\"background-color:#f5f4f7\"><div class=\"wp-block-group__inner-container is-layout-flow wp-block-group-is-layout-flow\">\n<div class=\"wp-block-columns is-layout-flex wp-container-core-columns-is-layout-9d6595d7 wp-block-columns-is-layout-flex\">\n<div class=\"wp-block-column is-vertically-aligned-center is-layout-flow wp-block-column-is-layout-flow\">\n<p><\/p>\n\n\n\n<h2 class=\"wp-block-heading has-text-align-center\" style=\"padding-top:0;padding-bottom:0\">CONTACT US !<\/h2>\n<\/div>\n<\/div>\n\n\n\n<div class=\"wp-block-cover alignwide\" style=\"border-radius:23px;min-height:188px;aspect-ratio:unset;\"><span aria-hidden=\"true\" class=\"wp-block-cover__background has-nv-site-bg-background-color has-background-dim-100 has-background-dim\"><\/span><div class=\"wp-block-cover__inner-container is-layout-constrained wp-block-cover-is-layout-constrained\">\n<p class=\"has-text-align-center has-nv-dark-bg-color has-text-color has-link-color wp-elements-e5534af882f8e10ae796387da43dd1ba\" style=\"font-size:24px;font-style:normal;font-weight:600\">Check if the FAQ section already answers your questions.<\/p>\n\n\n\n<div class=\"wp-block-buttons alignwide is-content-justification-center is-layout-flex wp-container-core-buttons-is-layout-16018d1d wp-block-buttons-is-layout-flex\">\n<div class=\"wp-block-button has-custom-width wp-block-button__width-50 is-style-secondary\"><a class=\"wp-block-button__link wp-element-button\" href=\"https:\/\/mevconnect.ca\/en\/#faq\">FREQUENTLY ASKED QUESTIONS<\/a><\/div>\n<\/div>\n<\/div><\/div>\n\n\n\n<div style=\"height:30px\" aria-hidden=\"true\" class=\"wp-block-spacer\"><\/div>\n\n\n\n<div class=\"wp-block-columns alignwide is-layout-flex wp-container-core-columns-is-layout-9d6595d7 wp-block-columns-is-layout-flex\">\n<div class=\"wp-block-column ticss-4ce656f1 is-layout-flow wp-block-column-is-layout-flow\" style=\"padding-right:var(--wp--preset--spacing--30);padding-left:var(--wp--preset--spacing--30)\">\n<div class=\"wp-block-group has-nv-site-bg-background-color has-background\" style=\"border-radius:24px\"><div class=\"wp-block-group__inner-container is-layout-flow wp-block-group-is-layout-flow\">\n<div style=\"height:50px\" aria-hidden=\"true\" class=\"wp-block-spacer\"><\/div>\n\n\n<div class=\"wp-block-image icon-style is-style-default\">\n<figure class=\"aligncenter size-full is-resized\"><img loading=\"lazy\" decoding=\"async\" width=\"767\" height=\"765\" src=\"https:\/\/mevconnect.ca\/wp-content\/uploads\/2025\/03\/icon_phone_State1.png\" alt=\"\" class=\"wp-image-392\" style=\"aspect-ratio:1;object-fit:contain;width:100px\" srcset=\"https:\/\/mevconnect.ca\/wp-content\/uploads\/2025\/03\/icon_phone_State1.png 767w, https:\/\/mevconnect.ca\/wp-content\/uploads\/2025\/03\/icon_phone_State1-500x500.png 500w, https:\/\/mevconnect.ca\/wp-content\/uploads\/2025\/03\/icon_phone_State1-150x150.png 150w\" sizes=\"auto, (max-width: 767px) 100vw, 767px\" \/><\/figure><\/div>\n\n\n<div style=\"height:30px\" aria-hidden=\"true\" class=\"wp-block-spacer\"><\/div>\n\n\n\n<h3 class=\"wp-block-heading has-text-align-center has-neve-text-color-color has-text-color\" style=\"font-size:30px\">Speak to an agent<\/h3>\n\n\n\n<p class=\"has-text-align-center has-neve-text-color-color has-text-color\" style=\"padding-right:var(--wp--preset--spacing--30);padding-left:var(--wp--preset--spacing--30);font-size:18px\">To contact our support service <\/p>\n\n\n\n<p class=\"has-text-align-center has-neve-text-color-color has-text-color\" style=\"padding-right:var(--wp--preset--spacing--30);padding-left:var(--wp--preset--spacing--30);font-size:18px\">by <strong>phone<\/strong> : &nbsp;(581) 475-0178<\/p>\n\n\n\n<div style=\"height:30px\" aria-hidden=\"true\" class=\"wp-block-spacer\"><\/div>\n<\/div><\/div>\n<\/div>\n\n\n\n<div class=\"wp-block-column ticss-f6fc7494 is-layout-flow wp-block-column-is-layout-flow\" style=\"padding-right:var(--wp--preset--spacing--30);padding-left:var(--wp--preset--spacing--30)\">\n<div class=\"wp-block-group has-nv-site-bg-background-color has-background\" style=\"border-radius:24px\"><div class=\"wp-block-group__inner-container is-layout-flow wp-block-group-is-layout-flow\">\n<div style=\"height:50px\" aria-hidden=\"true\" class=\"wp-block-spacer\"><\/div>\n\n\n<div class=\"wp-block-image icon-style is-style-default\">\n<figure class=\"aligncenter size-full is-resized\"><img loading=\"lazy\" decoding=\"async\" width=\"767\" height=\"765\" src=\"https:\/\/mevconnect.ca\/wp-content\/uploads\/2025\/03\/icon_mail_State1.png\" alt=\"\" class=\"wp-image-393\" style=\"aspect-ratio:1;object-fit:contain;width:100px\" srcset=\"https:\/\/mevconnect.ca\/wp-content\/uploads\/2025\/03\/icon_mail_State1.png 767w, https:\/\/mevconnect.ca\/wp-content\/uploads\/2025\/03\/icon_mail_State1-500x500.png 500w, https:\/\/mevconnect.ca\/wp-content\/uploads\/2025\/03\/icon_mail_State1-150x150.png 150w\" sizes=\"auto, (max-width: 767px) 100vw, 767px\" \/><\/figure><\/div>\n\n\n<div style=\"height:30px\" aria-hidden=\"true\" class=\"wp-block-spacer\"><\/div>\n\n\n\n<h3 class=\"wp-block-heading has-text-align-center has-neve-text-color-color has-text-color\" style=\"font-size:30px\">Get assistance<\/h3>\n\n\n\n<p class=\"has-text-align-center\" style=\"padding-right:var(--wp--preset--spacing--30);padding-left:var(--wp--preset--spacing--30)\">For more information about Clover MEV Connect,<\/p>\n\n\n\n<p class=\"has-text-align-center\" style=\"padding-right:var(--wp--preset--spacing--30);padding-left:var(--wp--preset--spacing--30)\"><strong>write<\/strong> to : <strong><a href=\"mailto:support@mevconnect.ca\" target=\"_blank\" rel=\"noreferrer noopener\">support@<strong>mevconnect<\/strong>.ca<\/a><\/strong><\/p>\n\n\n\n<div style=\"height:30px\" aria-hidden=\"true\" class=\"wp-block-spacer\"><\/div>\n<\/div><\/div>\n<\/div>\n<\/div>\n\n\n\n<div style=\"height:30px\" aria-hidden=\"true\" class=\"wp-block-spacer\"><\/div>\n<\/div><\/div>","protected":false},"excerpt":{"rendered":"<p>CONTACTEZ-NOUS ! Parler \u00e0 un agent Pour contacter notre service d\u2019assistance par t\u00e9l\u00e9phone : &nbsp;(581) 475-0178 Demander de l&rsquo;assistance Pour de l&rsquo;informations sur Clover MEV Connect, \u00e9crivez \u00e0 : support@mevconnect.ca<\/p>","protected":false},"author":1,"featured_media":982,"parent":0,"menu_order":0,"comment_status":"closed","ping_status":"closed","template":"page-templates\/template-pagebuilder-full-width.php","meta":{"neve_meta_sidebar":"","neve_meta_container":"","neve_meta_enable_content_width":"on","neve_meta_content_width":100,"neve_meta_title_alignment":"","neve_meta_author_avatar":"","neve_post_elements_order":"","neve_meta_disable_header":"","neve_meta_disable_footer":"","neve_meta_disable_title":"on","footnotes":""},"class_list":["post-13","page","type-page","status-publish","has-post-thumbnail","hentry"],"_links":{"self":[{"href":"https:\/\/mevconnect.ca\/en\/wp-json\/wp\/v2\/pages\/13","targetHints":{"allow":["GET"]}}],"collection":[{"href":"https:\/\/mevconnect.ca\/en\/wp-json\/wp\/v2\/pages"}],"about":[{"href":"https:\/\/mevconnect.ca\/en\/wp-json\/wp\/v2\/types\/page"}],"author":[{"embeddable":true,"href":"https:\/\/mevconnect.ca\/en\/wp-json\/wp\/v2\/users\/1"}],"replies":[{"embeddable":true,"href":"https:\/\/mevconnect.ca\/en\/wp-json\/wp\/v2\/comments?post=13"}],"version-history":[{"count":82,"href":"https:\/\/mevconnect.ca\/en\/wp-json\/wp\/v2\/pages\/13\/revisions"}],"predecessor-version":[{"id":1289,"href":"https:\/\/mevconnect.ca\/en\/wp-json\/wp\/v2\/pages\/13\/revisions\/1289"}],"wp:featuredmedia":[{"embeddable":true,"href":"https:\/\/mevconnect.ca\/en\/wp-json\/wp\/v2\/media\/982"}],"wp:attachment":[{"href":"https:\/\/mevconnect.ca\/en\/wp-json\/wp\/v2\/media?parent=13"}],"curies":[{"name":"wp","href":"https:\/\/api.w.org\/{rel}","templated":true}]}}